{"id":58,"date":"2023-12-09T20:39:15","date_gmt":"2023-12-09T20:39:15","guid":{"rendered":"https:\/\/dcsqy.fr\/?page_id=58"},"modified":"2023-12-09T21:59:51","modified_gmt":"2023-12-09T21:59:51","slug":"description-des-cours","status":"publish","type":"page","link":"https:\/\/dcsqy.fr\/index.php\/description-des-cours\/","title":{"rendered":"Description des cours"},"content":{"rendered":"<p>DCSQY met \u00e0 votre disposition une s\u00e9lection de cours d&rsquo;arabe, offrant ainsi une opportunit\u00e9 enrichissante d&rsquo;explorer et de ma\u00eetriser cette langue fascinante. \u00c0 travers notre programme, nous nous effor\u00e7ons de fournir des bases solides, permettant aux \u00e9tudiants d&rsquo;acqu\u00e9rir des comp\u00e9tences linguistiques essentielles. Que vous soyez d\u00e9butant ou que vous cherchiez \u00e0 approfondir vos connaissances, l&rsquo;association offre un environnement propice \u00e0 l&rsquo;apprentissage de l&rsquo;arabe.<\/p>\n\n\n<h2 class=\"wp-block-heading\">Objectifs :<\/h2>\n\n\n\n<p>Donner aux \u00e9l\u00e8ves les connaissances de base en lecture, \u00e9criture, expression orale en langue arabe.<\/p>\n\n\n\n<h2 class=\"wp-block-heading\">Programme :<\/h2>\n\n\n\n<p>On utilise le programme de <a href=\"https:\/\/belsem.net\/fr\/Collection-belsem.html\">l\u2019\u00e9dition Belsem<\/a> dont la m\u00e9thode a re\u00e7u plusieurs agr\u00e9ments.<\/p>\n\n\n\n<figure class=\"wp-block-image size-full\"><img loading=\"lazy\" decoding=\"async\" width=\"550\" height=\"700\" src=\"https:\/\/dcsqy.fr\/wp-content\/uploads\/2023\/12\/jaddatii-550x700-1.png\" alt=\"\" class=\"wp-image-68\" srcset=\"https:\/\/dcsqy.fr\/wp-content\/uploads\/2023\/12\/jaddatii-550x700-1.png 550w, https:\/\/dcsqy.fr\/wp-content\/uploads\/2023\/12\/jaddatii-550x700-1-236x300.png 236w\" sizes=\"auto, (max-width: 550px) 100vw, 550px\" \/><\/figure>\n\n\n\n<h2 class=\"wp-block-heading\">M\u00e9thodologie :<\/h2>\n\n\n\n<p>Une m\u00e9thode p\u00e9dagogique d\u2019enseignement de l\u2019arabe pour enfants&nbsp;n\u00e9s en France, \u00e9labor\u00e9e par des sp\u00e9cialistes dans le domaine de l\u2019\u00e9ducation. C&rsquo;est une m\u00e9thode claire et simple. Sept&nbsp;niveaux sont disponibles.<\/p>\n\n\n\n<p>C\u2019est une m\u00e9thode p\u00e9dagogique et un outil structur\u00e9 en vue de l\u2019apprentissage de l\u2019arabe par les \u00e9l\u00e8ves non arabophones des \u00e9coles primaires dans les pays francophones. Pour bon nombre de ces \u00e9l\u00e8ves, il<br>s\u2019agira, en fait, d\u2019une premi\u00e8re initiation \u00e0 la langue arabe. Dans ces conditions et en raison du temps allou\u00e9 \u00e0 cet enseignement (deux \u00e0 quatre heures par<br>semaine) cette m\u00e9thode s\u2019emploiera d\u2019abord \u00e0 susciter chez l\u2019\u00e9l\u00e8ve de l\u2019int\u00e9r\u00eat pour l\u2019apprentissage de l\u2019arabe.<\/p>\n","protected":false},"excerpt":{"rendered":"<p>DCSQY met \u00e0 votre disposition une s\u00e9lection de cours d&rsquo;arabe, offrant ainsi une opportunit\u00e9 enrichissante d&rsquo;explorer et de ma\u00eetriser cette langue fascinante. \u00c0 travers notre programme, nous nous effor\u00e7ons de fournir des bases solides, permettant aux \u00e9tudiants d&rsquo;acqu\u00e9rir des comp\u00e9tences linguistiques essentielles. Que vous soyez d\u00e9butant ou que vous cherchiez \u00e0 approfondir vos connaissances, l&rsquo;association [&hellip;]<\/p>\n","protected":false},"author":1,"featured_media":60,"parent":0,"menu_order":0,"comment_status":"closed","ping_status":"closed","template":"","meta":{"footnotes":""},"class_list":["post-58","page","type-page","status-publish","has-post-thumbnail","hentry"],"_links":{"self":[{"href":"https:\/\/dcsqy.fr\/index.php\/wp-json\/wp\/v2\/pages\/58","targetHints":{"allow":["GET"]}}],"collection":[{"href":"https:\/\/dcsqy.fr\/index.php\/wp-json\/wp\/v2\/pages"}],"about":[{"href":"https:\/\/dcsqy.fr\/index.php\/wp-json\/wp\/v2\/types\/page"}],"author":[{"embeddable":true,"href":"https:\/\/dcsqy.fr\/index.php\/wp-json\/wp\/v2\/users\/1"}],"replies":[{"embeddable":true,"href":"https:\/\/dcsqy.fr\/index.php\/wp-json\/wp\/v2\/comments?post=58"}],"version-history":[{"count":5,"href":"https:\/\/dcsqy.fr\/index.php\/wp-json\/wp\/v2\/pages\/58\/revisions"}],"predecessor-version":[{"id":71,"href":"https:\/\/dcsqy.fr\/index.php\/wp-json\/wp\/v2\/pages\/58\/revisions\/71"}],"wp:featuredmedia":[{"embeddable":true,"href":"https:\/\/dcsqy.fr\/index.php\/wp-json\/wp\/v2\/media\/60"}],"wp:attachment":[{"href":"https:\/\/dcsqy.fr\/index.php\/wp-json\/wp\/v2\/media?parent=58"}],"curies":[{"name":"wp","href":"https:\/\/api.w.org\/{rel}","templated":true}]}}