{"id":52,"date":"2023-12-02T12:43:45","date_gmt":"2023-12-02T12:43:45","guid":{"rendered":"https:\/\/dcsqy.fr\/?page_id=52"},"modified":"2023-12-02T12:43:45","modified_gmt":"2023-12-02T12:43:45","slug":"recherche-de-benevoles-pour-assurer-des-cours-de-soutien-scolaire","status":"publish","type":"page","link":"https:\/\/dcsqy.fr\/index.php\/recherche-de-benevoles-pour-assurer-des-cours-de-soutien-scolaire\/","title":{"rendered":"Recherche de b\u00e9n\u00e9voles pour assurer des cours de soutien scolaire"},"content":{"rendered":"<p>Les bulletins scolaires du premier trimestre sont tomb\u00e9s et les besoins pour certains sont \u00e9vidents.<\/p>\n<p>Nous cherchons des b\u00e9n\u00e9voles pour assurer le soutien scolaire (de la 5\u00b0 \u00e0 la Terminale).<\/p>\n<p>Vous pouvez donner 1 ou 2 heures par mois.<\/p>\n<p>Merci de contacter votre association DCSQY par mail : diversitesqy@gmail.com<\/p>\n","protected":false},"excerpt":{"rendered":"<p>Les bulletins scolaires du premier trimestre sont tomb\u00e9s et les besoins pour certains sont \u00e9vidents. Nous cherchons des b\u00e9n\u00e9voles pour assurer le soutien scolaire (de la 5\u00b0 \u00e0 la Terminale). Vous pouvez donner 1 ou 2 heures par mois. Merci de contacter votre association DCSQY par mail : diversitesqy@gmail.com<\/p>\n","protected":false},"author":1,"featured_media":53,"parent":0,"menu_order":0,"comment_status":"closed","ping_status":"closed","template":"","meta":{"footnotes":""},"class_list":["post-52","page","type-page","status-publish","has-post-thumbnail","hentry"],"_links":{"self":[{"href":"https:\/\/dcsqy.fr\/index.php\/wp-json\/wp\/v2\/pages\/52","targetHints":{"allow":["GET"]}}],"collection":[{"href":"https:\/\/dcsqy.fr\/index.php\/wp-json\/wp\/v2\/pages"}],"about":[{"href":"https:\/\/dcsqy.fr\/index.php\/wp-json\/wp\/v2\/types\/page"}],"author":[{"embeddable":true,"href":"https:\/\/dcsqy.fr\/index.php\/wp-json\/wp\/v2\/users\/1"}],"replies":[{"embeddable":true,"href":"https:\/\/dcsqy.fr\/index.php\/wp-json\/wp\/v2\/comments?post=52"}],"version-history":[{"count":1,"href":"https:\/\/dcsqy.fr\/index.php\/wp-json\/wp\/v2\/pages\/52\/revisions"}],"predecessor-version":[{"id":54,"href":"https:\/\/dcsqy.fr\/index.php\/wp-json\/wp\/v2\/pages\/52\/revisions\/54"}],"wp:featuredmedia":[{"embeddable":true,"href":"https:\/\/dcsqy.fr\/index.php\/wp-json\/wp\/v2\/media\/53"}],"wp:attachment":[{"href":"https:\/\/dcsqy.fr\/index.php\/wp-json\/wp\/v2\/media?parent=52"}],"curies":[{"name":"wp","href":"https:\/\/api.w.org\/{rel}","templated":true}]}}