{"id":47,"date":"2023-12-02T11:29:19","date_gmt":"2023-12-02T11:29:19","guid":{"rendered":"https:\/\/dcsqy.fr\/?page_id=47"},"modified":"2023-12-02T11:29:19","modified_gmt":"2023-12-02T11:29:19","slug":"dcsqy-formation-au-calcul-mental-avec-la-methode-soroban-japonais","status":"publish","type":"page","link":"https:\/\/dcsqy.fr\/index.php\/dcsqy-formation-au-calcul-mental-avec-la-methode-soroban-japonais\/","title":{"rendered":"DCSQY : Formation au calcul mental avec la m\u00e9thode SOROBAN Japonais"},"content":{"rendered":"<p>Assalmou Alaykoum,<\/p>\n<p>L&rsquo;association DCSQY a le plaisir de vous proposer une formation au calcul mental avec la m\u00e9thode SOROBAN Japonais.<\/p>\n<p>Pour plus d&rsquo;information vous pouvez consulter ce document (PDF) =&gt; <a href=\"https:\/\/dcsqy.fr\/wp-content\/uploads\/2023\/12\/video.pdf\" target=\"_blank\" rel=\"noopener\">Le calcul mental (m\u00e9thode soroban Japonais)<\/a>\u00a0ou regarder la video : <a href=\"https:\/\/youtu.be\/-JKKGF2jL_c\" target=\"_blank\" rel=\"noopener\">Le soroban, le boulier japonais.<\/a><\/p>\n<p>Une s\u00e9ance d&rsquo;initiation et d\u00e9couverte est pr\u00e9vue le 3eme dimanche du mois de janvier 2024 de 14h30 \u00e0 16h00.<\/p>\n<p><strong><span style=\"color: #ff0000;\">R\u00e9servation obligatoire<\/span><\/strong> \u00e0 l&rsquo;adresse e-mail de DCSQY : <span style=\"color: #008000;\"><a style=\"color: #008000;\" href=\"mailto:diversitesqy@gmail.com\">diversitesqy@gmail.com<\/a><\/span>\u00a0 ou sms au <span style=\"color: #008000;\"><strong>06 12 30 15 07<\/strong><\/span><\/p>\n<p>La formation sera assur\u00e9e par la s\u0153ur NOUR est pr\u00e9vue en 3 mois (12 s\u00e9ances) d&rsquo;1h30 \u00e0 2h (selon le nombre d\u2019\u00e9l\u00e8ves), les Dimanches \u00e0 14h00.<\/p>\n<h5 style=\"text-align: center;\"><span style=\"color: #ff6600;\"><strong>Co\u00fbt de la formation : 90\u20ac\/\u00e9l\u00e8ve<\/strong><\/span><\/h5>\n<p>Les \u00e9l\u00e8ves de DCSQY sont prioritaires pour l&rsquo;inscription \u00e0 cette formation.<\/p>\n","protected":false},"excerpt":{"rendered":"<p>Assalmou Alaykoum, L&rsquo;association DCSQY a le plaisir de vous proposer une formation au calcul mental avec la m\u00e9thode SOROBAN Japonais. Pour plus d&rsquo;information vous pouvez consulter ce document (PDF) =&gt; Le calcul mental (m\u00e9thode soroban Japonais)\u00a0ou regarder la video : Le soroban, le boulier japonais. Une s\u00e9ance d&rsquo;initiation et d\u00e9couverte est pr\u00e9vue le 3eme dimanche [&hellip;]<\/p>\n","protected":false},"author":1,"featured_media":48,"parent":0,"menu_order":0,"comment_status":"closed","ping_status":"closed","template":"","meta":{"footnotes":""},"class_list":["post-47","page","type-page","status-publish","has-post-thumbnail","hentry"],"_links":{"self":[{"href":"https:\/\/dcsqy.fr\/index.php\/wp-json\/wp\/v2\/pages\/47","targetHints":{"allow":["GET"]}}],"collection":[{"href":"https:\/\/dcsqy.fr\/index.php\/wp-json\/wp\/v2\/pages"}],"about":[{"href":"https:\/\/dcsqy.fr\/index.php\/wp-json\/wp\/v2\/types\/page"}],"author":[{"embeddable":true,"href":"https:\/\/dcsqy.fr\/index.php\/wp-json\/wp\/v2\/users\/1"}],"replies":[{"embeddable":true,"href":"https:\/\/dcsqy.fr\/index.php\/wp-json\/wp\/v2\/comments?post=47"}],"version-history":[{"count":1,"href":"https:\/\/dcsqy.fr\/index.php\/wp-json\/wp\/v2\/pages\/47\/revisions"}],"predecessor-version":[{"id":50,"href":"https:\/\/dcsqy.fr\/index.php\/wp-json\/wp\/v2\/pages\/47\/revisions\/50"}],"wp:featuredmedia":[{"embeddable":true,"href":"https:\/\/dcsqy.fr\/index.php\/wp-json\/wp\/v2\/media\/48"}],"wp:attachment":[{"href":"https:\/\/dcsqy.fr\/index.php\/wp-json\/wp\/v2\/media?parent=47"}],"curies":[{"name":"wp","href":"https:\/\/api.w.org\/{rel}","templated":true}]}}