{"id":3,"date":"2023-11-18T19:28:31","date_gmt":"2023-11-18T19:28:31","guid":{"rendered":"https:\/\/dcsqy.fr\/?page_id=3"},"modified":"2023-11-18T19:59:25","modified_gmt":"2023-11-18T19:59:25","slug":"privacy-policy","status":"publish","type":"page","link":"https:\/\/dcsqy.fr\/index.php\/privacy-policy\/","title":{"rendered":"Politique de confidentialit\u00e9"},"content":{"rendered":"\n<p>Politique de Confidentialit\u00e9 de dcsqy.fr<\/p>\n\n\n\n<p>Derni\u00e8re mise \u00e0 jour : 18\/11\/2023<\/p>\n\n\n\n<p><\/p>\n\n\n\n<h2 class=\"wp-block-heading\">Introduction<\/h2>\n\n\n\n<p>Bienvenue sur dcsqy.fr. Cette politique de confidentialit\u00e9 explique notre approche concernant les donn\u00e9es personnelles des visiteurs de notre site. DCSQY s&rsquo;engage \u00e0 respecter la vie priv\u00e9e de tous ses visiteurs.<\/p>\n\n\n\n<p><\/p>\n\n\n\n<h2 class=\"wp-block-heading\">Collecte de Donn\u00e9es Personnelles<\/h2>\n\n\n\n<p>DCSQY.FR ne collecte aucune donn\u00e9e personnelle de ses visiteurs. Les visiteurs peuvent parcourir le site sans fournir de donn\u00e9es personnelles et sans que des donn\u00e9es personnelles soient collect\u00e9es ou trait\u00e9es par notre organisation.<\/p>\n\n\n\n<h2 class=\"wp-block-heading\">Cookies et Technologies de Suivi<\/h2>\n\n\n\n<p>Nous n&rsquo;utilisons pas de cookies pour collecter des informations personnelles sur nos visiteurs. Tout cookie utilis\u00e9 sur notre site sert uniquement \u00e0 am\u00e9liorer l&rsquo;exp\u00e9rience de l&rsquo;utilisateur ou pour des fonctions essentielles du site web.<\/p>\n\n\n\n<h2 class=\"wp-block-heading\">S\u00e9curit\u00e9 des Donn\u00e9es<\/h2>\n\n\n\n<p>Bien que nous ne collectons pas de donn\u00e9es personnelles, nous prenons la s\u00e9curit\u00e9 de notre site web au s\u00e9rieux et mettons en place des mesures appropri\u00e9es pour prot\u00e9ger le site contre l&rsquo;acc\u00e8s non autoris\u00e9, la modification, la divulgation ou la destruction.<\/p>\n\n\n\n<h2 class=\"wp-block-heading\">Liens vers d&rsquo;Autres Sites<\/h2>\n\n\n\n<p>Notre site peut contenir des liens vers d&rsquo;autres sites qui ne sont pas exploit\u00e9s par nous. Si vous cliquez sur un lien tiers, vous serez dirig\u00e9 vers le site de ce tiers. Nous vous conseillons vivement de consulter la politique de confidentialit\u00e9 de chaque site que vous visitez.<\/p>\n\n\n\n<h2 class=\"wp-block-heading\">Modifications de la Politique de Confidentialit\u00e9<\/h2>\n\n\n\n<p>Nous pouvons mettre \u00e0 jour notre politique de confidentialit\u00e9 de temps \u00e0 autre. Nous vous conseillons de consulter r\u00e9guli\u00e8rement cette page pour prendre connaissance de toute modification.<\/p>\n\n\n\n<h2 class=\"wp-block-heading\">Contactez-nous<\/h2>\n\n\n\n<p>Si vous avez des questions sur cette politique de confidentialit\u00e9, veuillez nous contacter \u00e0 <strong>dcsqy78@gmail.com<\/strong>.<\/p>\n","protected":false},"excerpt":{"rendered":"<p>Politique de Confidentialit\u00e9 de dcsqy.fr Derni\u00e8re mise \u00e0 jour : 18\/11\/2023 Introduction Bienvenue sur dcsqy.fr. Cette politique de confidentialit\u00e9 explique notre approche concernant les donn\u00e9es personnelles des visiteurs de notre site. DCSQY s&rsquo;engage \u00e0 respecter la vie priv\u00e9e de tous ses visiteurs. Collecte de Donn\u00e9es Personnelles DCSQY.FR ne collecte aucune donn\u00e9e personnelle de ses visiteurs. [&hellip;]<\/p>\n","protected":false},"author":1,"featured_media":0,"parent":0,"menu_order":0,"comment_status":"closed","ping_status":"open","template":"","meta":{"footnotes":""},"class_list":["post-3","page","type-page","status-publish","hentry"],"_links":{"self":[{"href":"https:\/\/dcsqy.fr\/index.php\/wp-json\/wp\/v2\/pages\/3","targetHints":{"allow":["GET"]}}],"collection":[{"href":"https:\/\/dcsqy.fr\/index.php\/wp-json\/wp\/v2\/pages"}],"about":[{"href":"https:\/\/dcsqy.fr\/index.php\/wp-json\/wp\/v2\/types\/page"}],"author":[{"embeddable":true,"href":"https:\/\/dcsqy.fr\/index.php\/wp-json\/wp\/v2\/users\/1"}],"replies":[{"embeddable":true,"href":"https:\/\/dcsqy.fr\/index.php\/wp-json\/wp\/v2\/comments?post=3"}],"version-history":[{"count":1,"href":"https:\/\/dcsqy.fr\/index.php\/wp-json\/wp\/v2\/pages\/3\/revisions"}],"predecessor-version":[{"id":16,"href":"https:\/\/dcsqy.fr\/index.php\/wp-json\/wp\/v2\/pages\/3\/revisions\/16"}],"wp:attachment":[{"href":"https:\/\/dcsqy.fr\/index.php\/wp-json\/wp\/v2\/media?parent=3"}],"curies":[{"name":"wp","href":"https:\/\/api.w.org\/{rel}","templated":true}]}}