{"id":23,"date":"2023-11-18T20:23:57","date_gmt":"2023-11-18T20:23:57","guid":{"rendered":"https:\/\/dcsqy.fr\/?page_id=23"},"modified":"2023-12-02T12:45:39","modified_gmt":"2023-12-02T12:45:39","slug":"contactez-nous","status":"publish","type":"page","link":"https:\/\/dcsqy.fr\/index.php\/contactez-nous\/","title":{"rendered":"Contactez-nous"},"content":{"rendered":"\n<p>Nous sommes l\u00e0 pour r\u00e9pondre \u00e0 toutes vos questions concernant nos cours, services, ou tout autre renseignement que vous pourriez avoir besoin. N&rsquo;h\u00e9sitez pas \u00e0 nous contacter via les moyens suivants :<\/p>\n\n\n\n<p><strong>Adresse E-mail :<\/strong> Pour des questions g\u00e9n\u00e9rales, des demandes de renseignements ou du support, veuillez nous envoyer un e-mail \u00e0 : [<a href=\"mailto:diversitesqy@gmail.com\">diversitesqy@gmail.com<\/a>]<\/p>\n","protected":false},"excerpt":{"rendered":"<p>Nous sommes l\u00e0 pour r\u00e9pondre \u00e0 toutes vos questions concernant nos cours, services, ou tout autre renseignement que vous pourriez avoir besoin. N&rsquo;h\u00e9sitez pas \u00e0 nous contacter via les moyens suivants : Adresse E-mail : Pour des questions g\u00e9n\u00e9rales, des demandes de renseignements ou du support, veuillez nous envoyer un e-mail \u00e0 : [diversitesqy@gmail.com]<\/p>\n","protected":false},"author":1,"featured_media":0,"parent":0,"menu_order":0,"comment_status":"closed","ping_status":"closed","template":"","meta":{"footnotes":""},"class_list":["post-23","page","type-page","status-publish","hentry"],"_links":{"self":[{"href":"https:\/\/dcsqy.fr\/index.php\/wp-json\/wp\/v2\/pages\/23","targetHints":{"allow":["GET"]}}],"collection":[{"href":"https:\/\/dcsqy.fr\/index.php\/wp-json\/wp\/v2\/pages"}],"about":[{"href":"https:\/\/dcsqy.fr\/index.php\/wp-json\/wp\/v2\/types\/page"}],"author":[{"embeddable":true,"href":"https:\/\/dcsqy.fr\/index.php\/wp-json\/wp\/v2\/users\/1"}],"replies":[{"embeddable":true,"href":"https:\/\/dcsqy.fr\/index.php\/wp-json\/wp\/v2\/comments?post=23"}],"version-history":[{"count":2,"href":"https:\/\/dcsqy.fr\/index.php\/wp-json\/wp\/v2\/pages\/23\/revisions"}],"predecessor-version":[{"id":56,"href":"https:\/\/dcsqy.fr\/index.php\/wp-json\/wp\/v2\/pages\/23\/revisions\/56"}],"wp:attachment":[{"href":"https:\/\/dcsqy.fr\/index.php\/wp-json\/wp\/v2\/media?parent=23"}],"curies":[{"name":"wp","href":"https:\/\/api.w.org\/{rel}","templated":true}]}}